{"id":10270,"date":"2022-02-02T14:09:50","date_gmt":"2022-02-02T13:09:50","guid":{"rendered":"https:\/\/verji.no\/planlagte-funksjoner"},"modified":"2024-05-16T16:58:15","modified_gmt":"2024-05-16T14:58:15","slug":"planlagte-funksjoner","status":"publish","type":"page","link":"https:\/\/verji.no\/sv\/planlagte-funksjoner","title":{"rendered":"Planerade funktioner"},"content":{"rendered":"<section class=\"l-section wpb_row us_custom_2774bef1 height_large\"><div class=\"l-section-overlay\" style=\"background:#5b961c\"><\/div><div class=\"l-section-h i-cf\"><div class=\"g-cols vc_row via_flex valign_top type_default stacking_default\"><div class=\"vc_col-sm-12 wpb_column vc_column_container\"><div class=\"vc_column-inner\"><div class=\"wpb_wrapper\"><div class=\"g-cols wpb_row us_custom_655c014b us_animate_this via_flex valign_middle type_default stacking_default\"><div class=\"vc_col-sm-8 wpb_column vc_column_container\"><div class=\"vc_column-inner\"><div class=\"wpb_wrapper\"><div class=\"ult-spacer spacer-69e205facc0d2\" data-id=\"69e205facc0d2\" data-height=\"15\" data-height-mobile=\"15\" data-height-tab=\"15\" data-height-tab-portrait=\"\" data-height-mobile-landscape=\"\" style=\"clear:both;display:block;\"><\/div><div class=\"w-hwrapper us_custom_796b6b36 valign_top align_none\" style=\"--hwrapper-gap:0\"><div id=\"ultimate-heading-32469e205facc24a\" class=\"uvc-heading ult-adjust-bottom-margin ultimate-heading-32469e205facc24a uvc-5994 \" data-hspacer=\"no_spacer\"  data-halign=\"left\" style=\"text-align:left\"><div class=\"uvc-heading-spacer no_spacer\" style=\"top\"><\/div><div class=\"uvc-main-heading ult-responsive\"  data-ultimate-target='.uvc-heading.ultimate-heading-32469e205facc24a h1'  data-responsive-json-new='{\"font-size\":\"desktop:60px;tablet:44px;tablet_portrait:44px;mobile_landscape:32px;mobile:32px;\",\"line-height\":\"desktop:70px;tablet:56px;tablet_portrait:56px;mobile_landscape:36px;mobile:36px;\"}' ><h1 style=\"font-weight:normal;color:#ffffff;\">PLANERADE FUNKTIONER<\/h1><\/div><\/div><\/div><div class=\"ult-spacer spacer-69e205facc2fd\" data-id=\"69e205facc2fd\" data-height=\"15\" data-height-mobile=\"15\" data-height-tab=\"15\" data-height-tab-portrait=\"\" data-height-mobile-landscape=\"\" style=\"clear:both;display:block;\"><\/div><\/div><\/div><\/div><div class=\"vc_col-sm-4 wpb_column vc_column_container\"><div class=\"vc_column-inner\"><div class=\"wpb_wrapper\"><div class=\"w-vwrapper dots-hvit-2 dots-full-width mobile-gap align_none valign_top\" style=\"--vwrapper-gap:1.4rem\"><div class=\"w-image us_custom_a9cf9317 has_height align_none\"><div class=\"w-image-h\"><img decoding=\"async\" width=\"30\" height=\"30\" src=\"https:\/\/verji.no\/wp-content\/uploads\/2021\/11\/b.png\" class=\"attachment-full size-full\" alt=\"\" loading=\"lazy\" srcset=\"https:\/\/verji.no\/wp-content\/uploads\/2021\/11\/b.png 30w, https:\/\/verji.no\/wp-content\/uploads\/2021\/11\/b-6x6.png 6w, https:\/\/verji.no\/wp-content\/uploads\/2021\/11\/b-5x5.png 5w\" sizes=\"auto, (max-width: 30px) 100vw, 30px\" \/><\/div><\/div><div class=\"w-image us_custom_a9cf9317 has_height align_none\"><div class=\"w-image-h\"><img decoding=\"async\" width=\"30\" height=\"30\" src=\"https:\/\/verji.no\/wp-content\/uploads\/2021\/11\/b.png\" class=\"attachment-full size-full\" alt=\"\" loading=\"lazy\" srcset=\"https:\/\/verji.no\/wp-content\/uploads\/2021\/11\/b.png 30w, https:\/\/verji.no\/wp-content\/uploads\/2021\/11\/b-6x6.png 6w, https:\/\/verji.no\/wp-content\/uploads\/2021\/11\/b-5x5.png 5w\" sizes=\"auto, (max-width: 30px) 100vw, 30px\" \/><\/div><\/div><\/div><\/div><\/div><\/div><\/div><\/div><\/div><\/div><\/div><\/div><\/section><section class=\"l-section wpb_row us_custom_2dcea21d us_animate_this height_medium\"><div class=\"l-section-h i-cf\"><div class=\"g-cols vc_row via_flex valign_bottom type_default stacking_default\"><div class=\"vc_col-sm-6 wpb_column vc_column_container\"><div class=\"vc_column-inner\"><div class=\"wpb_wrapper\"><\/div><\/div><\/div><div class=\"vc_col-sm-6 wpb_column vc_column_container\"><div class=\"vc_column-inner\"><div class=\"wpb_wrapper\"><div class=\"w-image us_custom_213e151c img-radius-20 align_none\"><div class=\"w-image-h\"><img decoding=\"async\" width=\"755\" height=\"625\" src=\"https:\/\/verji.no\/wp-content\/uploads\/2022\/02\/Planlagte-funksjoner.jpg\" class=\"attachment-full size-full\" alt=\"Roadmap for nye planlagte funksjoner i Verji\" loading=\"lazy\" srcset=\"https:\/\/verji.no\/wp-content\/uploads\/2022\/02\/Planlagte-funksjoner.jpg 755w, https:\/\/verji.no\/wp-content\/uploads\/2022\/02\/Planlagte-funksjoner-300x248.jpg 300w, https:\/\/verji.no\/wp-content\/uploads\/2022\/02\/Planlagte-funksjoner-100x83.jpg 100w, https:\/\/verji.no\/wp-content\/uploads\/2022\/02\/Planlagte-funksjoner-6x6.jpg 6w, https:\/\/verji.no\/wp-content\/uploads\/2022\/02\/Planlagte-funksjoner-5x4.jpg 5w, https:\/\/verji.no\/wp-content\/uploads\/2022\/02\/Planlagte-funksjoner-169x140.jpg 169w, https:\/\/verji.no\/wp-content\/uploads\/2022\/02\/Planlagte-funksjoner-500x414.jpg 500w\" sizes=\"auto, (max-width: 755px) 100vw, 755px\" \/><\/div><\/div><\/div><\/div><\/div><\/div><\/div><\/section><section class=\"l-section wpb_row us_custom_9e3f6ccc us_animate_this height_medium\"><div class=\"l-section-h i-cf\"><div class=\"g-cols vc_row via_flex valign_top type_default stacking_default\"><div class=\"vc_col-sm-6 wpb_column vc_column_container\"><div class=\"vc_column-inner\"><div class=\"wpb_wrapper\"><div id=\"ultimate-heading-989069e205facf648\" class=\"uvc-heading ult-adjust-bottom-margin ultimate-heading-989069e205facf648 uvc-5783 \" data-hspacer=\"no_spacer\"  data-halign=\"left\" style=\"text-align:left\"><div class=\"uvc-heading-spacer no_spacer\" style=\"top\"><\/div><div class=\"uvc-main-heading ult-responsive\"  data-ultimate-target='.uvc-heading.ultimate-heading-989069e205facf648 h2'  data-responsive-json-new='{\"font-size\":\"\",\"line-height\":\"\"}' ><h2 style=\"font-weight:normal;margin-bottom:20px;\">L\u00e4gg till dina kommentarer och \u00f6nskem\u00e5l till v\u00e5r f\u00e4rdplan<\/h2><\/div><div class=\"uvc-sub-heading ult-responsive\"  data-ultimate-target='.uvc-heading.ultimate-heading-989069e205facf648 .uvc-sub-heading '  data-responsive-json-new='{\"font-size\":\"\",\"line-height\":\"\"}'  style=\"font-weight:normal;\">\n<p class=\"font_8\">F\u00f6r att planera den fortsatta utvecklingen av <a href=\"https:\/\/verji.no\/sv\/verji-kryptert-kommunikasjon\">Verji<\/a> och prioritera nya funktioner som ska komma anv\u00e4nder vi en f\u00e4rdplan. Vi har valt att l\u00e4mna detta \u00f6ppet f\u00f6r att du som kund ska ha m\u00f6jlighet att p\u00e5verka utvecklingen. Du kan g\u00f6ra detta genom att kommentera funktioner som vi har planerat, \u00f6verv\u00e4ger eller har id\u00e9er f\u00f6r. Du har ocks\u00e5 m\u00f6jlighet att r\u00f6sta p\u00e5 funktioner f\u00f6r att p\u00e5verka prioriteringen, eller komma med f\u00f6rslag p\u00e5 funktionalitet.<\/p>\n<p class=\"font_8\">F\u00f6r att g\u00f6ra detta tillg\u00e4ngligt f\u00f6r alla v\u00e5ra kunder \u00e4r f\u00e4rdplanen p\u00e5 engelska. Men du \u00e4r v\u00e4lkommen att kommentera p\u00e5 svenska eller norska.<\/p>\n<p><a class=\"open-link-green\" href=\"https:\/\/portal.productboard.com\/rosberg\/1-verji-roadmap\/tabs\/2-planned\" target=\"_blank\" rel=\"noopener\">G\u00e5 till Roadmap<\/a><\/div><\/div><div class=\"ult-spacer spacer-69e205facf6ea\" data-id=\"69e205facf6ea\" data-height=\"15\" data-height-mobile=\"15\" data-height-tab=\"15\" data-height-tab-portrait=\"\" data-height-mobile-landscape=\"\" style=\"clear:both;display:block;\"><\/div><\/div><\/div><\/div><div class=\"vc_col-sm-6 wpb_column vc_column_container\"><div class=\"vc_column-inner\"><div class=\"wpb_wrapper\"><\/div><\/div><\/div><\/div><\/div><\/section><section class=\"l-section wpb_row us_custom_1da0f066 us_animate_this height_medium\"><div class=\"l-section-h i-cf\"><div class=\"g-cols vc_row via_flex valign_top type_default stacking_default\"><div class=\"vc_col-sm-1 wpb_column vc_column_container\"><div class=\"vc_column-inner\"><div class=\"wpb_wrapper\"><\/div><\/div><\/div><div class=\"vc_col-sm-9 wpb_column vc_column_container\"><div class=\"vc_column-inner\"><div class=\"wpb_wrapper\"><\/div><\/div><\/div><div class=\"vc_col-sm-2 wpb_column vc_column_container\"><div class=\"vc_column-inner\"><div class=\"wpb_wrapper\"><\/div><\/div><\/div><\/div><\/div><\/section>\n","protected":false},"excerpt":{"rendered":"PLANERADE FUNKTIONERL\u00e4gg till dina kommentarer och \u00f6nskem\u00e5l till v\u00e5r f\u00e4rdplan F\u00f6r att planera den fortsatta utvecklingen av Verji och prioritera nya funktioner som ska komma anv\u00e4nder vi en f\u00e4rdplan. Vi har valt att l\u00e4mna detta \u00f6ppet f\u00f6r att du som kund ska ha m\u00f6jlighet att p\u00e5verka utvecklingen. Du kan g\u00f6ra detta genom att kommentera funktioner...","protected":false},"author":4,"featured_media":0,"parent":0,"menu_order":0,"comment_status":"closed","ping_status":"closed","template":"","meta":{"content-type":"","footnotes":""},"class_list":["post-10270","page","type-page","status-publish","hentry"],"yoast_head":"<!-- This site is optimized with the Yoast SEO plugin v25.6 - https:\/\/yoast.com\/wordpress\/plugins\/seo\/ -->\n<title>Planerade funktioner i Verji - Roadmap<\/title>\n<meta name=\"description\" content=\"F\u00e4rdplanen visar den fortsatta utvecklingen av Verji, nya funktioner kommer att komma. Kolla in den f\u00f6r att p\u00e5verka prioriteringar och ge input.\" \/>\n<meta name=\"robots\" content=\"index, follow, max-snippet:-1, max-image-preview:large, max-video-preview:-1\" \/>\n<link rel=\"canonical\" href=\"https:\/\/verji.no\/sv\/planlagte-funksjoner\" \/>\n<meta property=\"og:locale\" content=\"sv_SE\" \/>\n<meta property=\"og:type\" content=\"article\" \/>\n<meta property=\"og:title\" content=\"Planerade funktioner i Verji - Roadmap\" \/>\n<meta property=\"og:description\" content=\"F\u00e4rdplanen visar den fortsatta utvecklingen av Verji, nya funktioner kommer att komma. Kolla in den f\u00f6r att p\u00e5verka prioriteringar och ge input.\" \/>\n<meta property=\"og:url\" content=\"https:\/\/verji.no\/sv\/planlagte-funksjoner\" \/>\n<meta property=\"og:site_name\" content=\"Verji\" \/>\n<meta property=\"article:modified_time\" content=\"2024-05-16T14:58:15+00:00\" \/>\n<meta name=\"twitter:card\" content=\"summary_large_image\" \/>\n<meta name=\"twitter:label1\" content=\"Ber\u00e4knad l\u00e4stid\" \/>\n\t<meta name=\"twitter:data1\" content=\"1 minut\" \/>\n<script type=\"application\/ld+json\" class=\"yoast-schema-graph\">{\"@context\":\"https:\/\/schema.org\",\"@graph\":[{\"@type\":\"WebPage\",\"@id\":\"https:\/\/verji.no\/sv\/planlagte-funksjoner\",\"url\":\"https:\/\/verji.no\/sv\/planlagte-funksjoner\",\"name\":\"Planerade funktioner i Verji - Roadmap\",\"isPartOf\":{\"@id\":\"https:\/\/verji.no\/sv#website\"},\"datePublished\":\"2022-02-02T13:09:50+00:00\",\"dateModified\":\"2024-05-16T14:58:15+00:00\",\"description\":\"F\u00e4rdplanen visar den fortsatta utvecklingen av Verji, nya funktioner kommer att komma. Kolla in den f\u00f6r att p\u00e5verka prioriteringar och ge input.\",\"breadcrumb\":{\"@id\":\"https:\/\/verji.no\/sv\/planlagte-funksjoner#breadcrumb\"},\"inLanguage\":\"sv-SE\",\"potentialAction\":[{\"@type\":\"ReadAction\",\"target\":[\"https:\/\/verji.no\/sv\/planlagte-funksjoner\"]}]},{\"@type\":\"BreadcrumbList\",\"@id\":\"https:\/\/verji.no\/sv\/planlagte-funksjoner#breadcrumb\",\"itemListElement\":[{\"@type\":\"ListItem\",\"position\":1,\"name\":\"Hjem\",\"item\":\"https:\/\/verji.no\/sv\"},{\"@type\":\"ListItem\",\"position\":2,\"name\":\"Planerade funktioner\"}]},{\"@type\":\"WebSite\",\"@id\":\"https:\/\/verji.no\/sv#website\",\"url\":\"https:\/\/verji.no\/sv\",\"name\":\"Verji\",\"description\":\"\",\"potentialAction\":[{\"@type\":\"SearchAction\",\"target\":{\"@type\":\"EntryPoint\",\"urlTemplate\":\"https:\/\/verji.no\/sv?s={search_term_string}\"},\"query-input\":{\"@type\":\"PropertyValueSpecification\",\"valueRequired\":true,\"valueName\":\"search_term_string\"}}],\"inLanguage\":\"sv-SE\"}]}<\/script>\n<!-- \/ Yoast SEO plugin. -->","yoast_head_json":{"title":"Planerade funktioner i Verji - Roadmap","description":"F\u00e4rdplanen visar den fortsatta utvecklingen av Verji, nya funktioner kommer att komma. Kolla in den f\u00f6r att p\u00e5verka prioriteringar och ge input.","robots":{"index":"index","follow":"follow","max-snippet":"max-snippet:-1","max-image-preview":"max-image-preview:large","max-video-preview":"max-video-preview:-1"},"canonical":"https:\/\/verji.no\/sv\/planlagte-funksjoner","og_locale":"sv_SE","og_type":"article","og_title":"Planerade funktioner i Verji - Roadmap","og_description":"F\u00e4rdplanen visar den fortsatta utvecklingen av Verji, nya funktioner kommer att komma. Kolla in den f\u00f6r att p\u00e5verka prioriteringar och ge input.","og_url":"https:\/\/verji.no\/sv\/planlagte-funksjoner","og_site_name":"Verji","article_modified_time":"2024-05-16T14:58:15+00:00","twitter_card":"summary_large_image","twitter_misc":{"Ber\u00e4knad l\u00e4stid":"1 minut"},"schema":{"@context":"https:\/\/schema.org","@graph":[{"@type":"WebPage","@id":"https:\/\/verji.no\/sv\/planlagte-funksjoner","url":"https:\/\/verji.no\/sv\/planlagte-funksjoner","name":"Planerade funktioner i Verji - Roadmap","isPartOf":{"@id":"https:\/\/verji.no\/sv#website"},"datePublished":"2022-02-02T13:09:50+00:00","dateModified":"2024-05-16T14:58:15+00:00","description":"F\u00e4rdplanen visar den fortsatta utvecklingen av Verji, nya funktioner kommer att komma. Kolla in den f\u00f6r att p\u00e5verka prioriteringar och ge input.","breadcrumb":{"@id":"https:\/\/verji.no\/sv\/planlagte-funksjoner#breadcrumb"},"inLanguage":"sv-SE","potentialAction":[{"@type":"ReadAction","target":["https:\/\/verji.no\/sv\/planlagte-funksjoner"]}]},{"@type":"BreadcrumbList","@id":"https:\/\/verji.no\/sv\/planlagte-funksjoner#breadcrumb","itemListElement":[{"@type":"ListItem","position":1,"name":"Hjem","item":"https:\/\/verji.no\/sv"},{"@type":"ListItem","position":2,"name":"Planerade funktioner"}]},{"@type":"WebSite","@id":"https:\/\/verji.no\/sv#website","url":"https:\/\/verji.no\/sv","name":"Verji","description":"","potentialAction":[{"@type":"SearchAction","target":{"@type":"EntryPoint","urlTemplate":"https:\/\/verji.no\/sv?s={search_term_string}"},"query-input":{"@type":"PropertyValueSpecification","valueRequired":true,"valueName":"search_term_string"}}],"inLanguage":"sv-SE"}]}},"_links":{"self":[{"href":"https:\/\/verji.no\/sv\/wp-json\/wp\/v2\/pages\/10270","targetHints":{"allow":["GET"]}}],"collection":[{"href":"https:\/\/verji.no\/sv\/wp-json\/wp\/v2\/pages"}],"about":[{"href":"https:\/\/verji.no\/sv\/wp-json\/wp\/v2\/types\/page"}],"author":[{"embeddable":true,"href":"https:\/\/verji.no\/sv\/wp-json\/wp\/v2\/users\/4"}],"replies":[{"embeddable":true,"href":"https:\/\/verji.no\/sv\/wp-json\/wp\/v2\/comments?post=10270"}],"version-history":[{"count":3,"href":"https:\/\/verji.no\/sv\/wp-json\/wp\/v2\/pages\/10270\/revisions"}],"predecessor-version":[{"id":10523,"href":"https:\/\/verji.no\/sv\/wp-json\/wp\/v2\/pages\/10270\/revisions\/10523"}],"wp:attachment":[{"href":"https:\/\/verji.no\/sv\/wp-json\/wp\/v2\/media?parent=10270"}],"curies":[{"name":"wp","href":"https:\/\/api.w.org\/{rel}","templated":true}]}}