{"id":10273,"date":"2022-05-31T08:14:36","date_gmt":"2022-05-31T06:14:36","guid":{"rendered":"https:\/\/verji.no\/teknisk-info"},"modified":"2024-06-20T18:34:02","modified_gmt":"2024-06-20T16:34:02","slug":"teknisk-info","status":"publish","type":"page","link":"https:\/\/verji.no\/sv\/teknisk-info","title":{"rendered":"\u00d6versikt \u00f6ver teknik och s\u00e4kerhet i Verji"},"content":{"rendered":"<section class=\"l-section wpb_row us_custom_fdcab3db height_medium\"><div class=\"l-section-h i-cf\"><div class=\"g-cols vc_row via_flex valign_top type_default stacking_default\"><div class=\"vc_col-sm-12 wpb_column vc_column_container\"><div class=\"vc_column-inner\"><div class=\"wpb_wrapper\"><div class=\"ult-spacer spacer-69d654e42057e\" data-id=\"69d654e42057e\" data-height=\"73\" data-height-mobile=\"30\" data-height-tab=\"\" data-height-tab-portrait=\"\" data-height-mobile-landscape=\"30\" style=\"clear:both;display:block;\"><\/div><div class=\"g-cols wpb_row hide_on_mobiles via_flex valign_top type_default stacking_default\" id=\"desktop-crumbs\"><div class=\"vc_col-sm-12 wpb_column vc_column_container\"><div class=\"vc_column-inner\"><div class=\"wpb_wrapper\"><div class=\"w-hwrapper dots2 valign_middle wrap align_none\" style=\"--hwrapper-gap:5px\"><nav class=\"g-breadcrumbs us_custom_444cf2fa has_text_color separator_custom align_none\" itemscope itemtype=\"http:\/\/schema.org\/BreadcrumbList\"><div class=\"g-breadcrumbs-item\" itemscope itemprop=\"itemListElement\" itemtype=\"http:\/\/schema.org\/ListItem\"><a itemprop=\"item\" href=\"https:\/\/verji.no\/sv\/\"><span itemprop=\"name\">Forside<\/span><\/a><meta itemprop=\"position\" content=\"1\"\/><\/div><div class=\"g-breadcrumbs-separator\">\/<\/div><div class=\"g-breadcrumbs-item\">Sidor<\/div><\/nav><div class=\"w-image us_custom_f45ae982 dots-flex align_none\"><div class=\"w-image-h\"><img decoding=\"async\" width=\"5\" height=\"17\" src=\"https:\/\/verji.no\/wp-content\/uploads\/2021\/10\/column-5x17.png\" class=\"attachment-us_5_17 size-us_5_17\" alt=\"\" loading=\"lazy\" srcset=\"https:\/\/verji.no\/wp-content\/uploads\/2021\/10\/column-5x17.png 5w, https:\/\/verji.no\/wp-content\/uploads\/2021\/10\/column-29x100.png 29w, https:\/\/verji.no\/wp-content\/uploads\/2021\/10\/column-2x6.png 2w, https:\/\/verji.no\/wp-content\/uploads\/2021\/10\/column-41x140.png 41w, https:\/\/verji.no\/wp-content\/uploads\/2021\/10\/column-22x75.png 22w, https:\/\/verji.no\/wp-content\/uploads\/2021\/10\/column.png 50w\" sizes=\"auto, (max-width: 5px) 100vw, 5px\" \/><\/div><\/div><\/div><\/div><\/div><\/div><\/div><div class=\"g-cols wpb_row hide_on_default hide_on_laptops hide_on_tablets via_flex valign_top type_default stacking_default\" id=\"mobile-crumbs\"><div class=\"vc_col-sm-12 wpb_column vc_column_container\"><div class=\"vc_column-inner\"><div class=\"wpb_wrapper\"><div class=\"w-hwrapper dots2 valign_middle wrap align_none\" style=\"--hwrapper-gap:5px\"><nav class=\"g-breadcrumbs us_custom_444cf2fa has_text_color separator_custom align_none\" itemscope itemtype=\"http:\/\/schema.org\/BreadcrumbList\"><div class=\"g-breadcrumbs-item\" itemscope itemprop=\"itemListElement\" itemtype=\"http:\/\/schema.org\/ListItem\"><a itemprop=\"item\" href=\"https:\/\/verji.no\/sv\/\"><span itemprop=\"name\">Forside<\/span><\/a><meta itemprop=\"position\" content=\"1\"\/><\/div><div class=\"g-breadcrumbs-separator\">\/<\/div><div class=\"g-breadcrumbs-item\">Sidor<\/div><\/nav><div class=\"w-image us_custom_f45ae982 dots-flex align_none\"><div class=\"w-image-h\"><img decoding=\"async\" width=\"5\" height=\"17\" src=\"https:\/\/verji.no\/wp-content\/uploads\/2021\/10\/column-5x17.png\" class=\"attachment-us_5_17 size-us_5_17\" alt=\"\" loading=\"lazy\" srcset=\"https:\/\/verji.no\/wp-content\/uploads\/2021\/10\/column-5x17.png 5w, https:\/\/verji.no\/wp-content\/uploads\/2021\/10\/column-29x100.png 29w, https:\/\/verji.no\/wp-content\/uploads\/2021\/10\/column-2x6.png 2w, https:\/\/verji.no\/wp-content\/uploads\/2021\/10\/column-41x140.png 41w, https:\/\/verji.no\/wp-content\/uploads\/2021\/10\/column-22x75.png 22w, https:\/\/verji.no\/wp-content\/uploads\/2021\/10\/column.png 50w\" sizes=\"auto, (max-width: 5px) 100vw, 5px\" \/><\/div><\/div><\/div><\/div><\/div><\/div><\/div><div class=\"w-vwrapper us_custom_6e74c4b0 align_none valign_top\" style=\"--vwrapper-gap:\"><div class=\"ult-spacer spacer-69d654e4220ac\" data-id=\"69d654e4220ac\" data-height=\"40\" data-height-mobile=\"20\" data-height-tab=\"\" data-height-tab-portrait=\"\" data-height-mobile-landscape=\"20\" style=\"clear:both;display:block;\"><\/div><h1 class=\"w-post-elm post_title us_custom_129ccc75 entry-title color_link_inherit\">\u00d6versikt \u00f6ver teknik och s\u00e4kerhet i Verji<\/h1><div class=\"ult-spacer spacer-69d654e4221af\" data-id=\"69d654e4221af\" data-height=\"30\" data-height-mobile=\"0\" data-height-tab=\"\" data-height-tab-portrait=\"\" data-height-mobile-landscape=\"\" style=\"clear:both;display:block;\"><\/div><\/div><\/div><\/div><\/div><\/div><\/div><\/section><section class=\"l-section wpb_row us_custom_5cd26a65 height_medium\"><div class=\"l-section-h i-cf\"><div class=\"g-cols vc_row via_flex valign_top type_default stacking_default\"><div class=\"vc_col-sm-7 wpb_column vc_column_container\"><div class=\"vc_column-inner\"><div class=\"wpb_wrapper\"><div class=\"ult-spacer spacer-69d654e4230de\" data-id=\"69d654e4230de\" data-height=\"20\" data-height-mobile=\"20\" data-height-tab=\"20\" data-height-tab-portrait=\"\" data-height-mobile-landscape=\"\" style=\"clear:both;display:block;\"><\/div><div class=\"wpb_text_column us_custom_100d89a9\"><div class=\"wpb_wrapper\"><h2>Grundl\u00e4ggande<\/h2>\n<p>I Verji skyddas all data med kryptering, b\u00e5de under flygning och vid vila. Dessutom skyddas meddelanden, filer och bilder som kommuniceras i Verji-rummen av ett extra lager av end-to-end-kryptering (E2EE).<\/p>\n<h3>Anv\u00e4ndning av standarder<\/h3>\n<p>Motst\u00e5ndare och angripare har tillg\u00e5ng till alltmer kraftfulla verktyg och metoder, s\u00e5 medan <strong>expertis och kunskap<\/strong> tidigare var avg\u00f6rande f\u00f6r effektiva attacker, n\u00e5r vi nu en situation d\u00e4r <strong>motivation<\/strong> \u00e4r det enda som kr\u00e4vs f\u00f6r att genomf\u00f6ra avancerade attacker.<\/p>\n<p>Dessutom \u00e4r det notoriskt sv\u00e5rt att implementera s\u00e4ker teknik.<\/p>\n<p>Med detta i \u00e5tanke undviker Verji Tech att uppfinna nya krypton och protokoll och f\u00f6rlitar sig ist\u00e4llet p\u00e5 branschstandarder, b\u00e4sta praxis och bepr\u00f6vade ramverk och implementeringar d\u00e4r s\u00e5 \u00e4r m\u00f6jligt.<\/p>\n<p>K\u00e4rnan i Verji bygger p\u00e5 Matrix, som \u00e4r en \u00f6ppen standard och ett \u00f6ppet protokoll med en livlig gemenskap och en sund och transparent styrmodell (<a href=\"https:\/\/matrix.org\/about\/\">https:\/\/matrix.org\/about\/<\/a>)<\/p>\n<p>Med denna strategi \u00e4r Verji i gott s\u00e4llskap, eftersom m\u00e5nga andra s\u00e4kerhetsmedvetna organisationer har valt att bygga sina l\u00f6sningar p\u00e5 samma k\u00e4rnteknologier, t.ex.<\/p>\n<ul>\n<li>Det tyska f\u00f6rsvaret: <a href=\"https:\/\/element.io\/blog\/bundesmessenger-is-a-milestone-in-germanys-ground-breaking-vision\/\">https:\/\/element.io\/blog\/bundesmessenger-is-a-milestone-in-germanys-ground-breaking-vision\/<\/a><\/li>\n<li>Gematik (tysk sjukv\u00e5rd): <a href=\"https:\/\/element.io\/matrix-in-germany\/projects\/ti-messenger\">https:\/\/element.io\/matrix-in-germany\/projects\/ti-messenger<\/a><\/li>\n<li>Franska myndigheter: <a href=\"https:\/\/element.io\/case-studies\/tchap\">https:\/\/element.io\/case-studies\/tchap<\/a><\/li>\n<li>Sverige: <a href=\"https:\/\/element.io\/blog\/dsam-och-esam-forordar-matrix-for-saker-och-federerad-kommunikation-inom-sveriges-offentliga-sektor\/\">https:\/\/element.io\/blog\/dsam-och-esam-forordar-matrix-for-saker-och-federerad-kommunikation-inom-sveriges-offentliga-sektor\/<\/a><\/li>\n<li>Mozilla: <a href=\"https:\/\/matrix.org\/blog\/2019\/12\/19\/welcoming-mozilla-to-matrix\/\">https:\/\/matrix.org\/blog\/2019\/12\/19\/welcoming-mozilla-to-matrix\/<\/a><\/li>\n<\/ul>\n<h2>Spridning av meddelanden<\/h2>\n<p>Verji anv\u00e4nder bepr\u00f6vade och erk\u00e4nda metoder f\u00f6r kryptering av meddelanden. Verji anv\u00e4nder Elliptic Curve Cryptography (ECC) tillsammans med Advanced Encryption Standard (AES) f\u00f6r att skydda inneh\u00e5ll som<br \/>\nmeddelanden, filer och foton. F\u00f6r att st\u00f6dja asynkron kommunikation, d\u00e4r alla parter kanske inte \u00e4r uppkopplade samtidigt, anv\u00e4nder vi en Double Ratched-algoritm (<a href=\"https:\/\/en.m.wikipedia.org\/wiki\/Double_Ratchet_Algorithm\">https:\/\/en.m.wikipedia.org\/wiki\/Double_Ratchet_Algorithm.<\/a>)<\/p>\n<p>Verji anv\u00e4nder en implementation av Double Ratchet-algoritmen som heter Olm. F\u00f6r att m\u00f6jligg\u00f6ra effektiv kommunikation \u00e4ven i gruppsamtal med m\u00e5nga deltagare anv\u00e4nds en gruppsp\u00e4rr som kallas Megolm. F\u00f6r mer information om Olm och Megolm, se:<\/p>\n<ul>\n<li><a href=\"https:\/\/gitlab.matrix.org\/matrix-org\/olm\/-\/blob\/master\/docs\/olm.md\">https:\/\/gitlab.matrix.org\/matrix-org\/olm\/-\/blob\/master\/docs\/olm.md<\/a><\/li>\n<li><a href=\"https:\/\/gitlab.matrix.org\/matrix-org\/olm\/blob\/master\/docs\/megolm.md\">https:\/\/gitlab.matrix.org\/matrix-org\/olm\/blob\/master\/docs\/megolm.md<\/a><\/li>\n<\/ul>\n<p>En tredjeparts, oberoende analys och granskning av Olm 1.3.0 finns h\u00e4r:<\/p>\n<ul>\n<li><a href=\"https:\/\/www.nccgroup.com\/globalassets\/our-research\/us\/public-rapporter\/2016\/november\/ncc_group_olm_cryptogrpahic_review_2016_11_01.pdf\">https:\/\/www.nccgroup.com\/globalassets\/our-research\/us\/public-rapporter\/2016\/november\/ncc_group_olm_cryptogrpahic_review_2016_11_01.pdf<\/a><\/li>\n<\/ul>\n<p>De s\u00e5rbarheter som n\u00e4mns i rapporten har \u00e5tg\u00e4rdats och korrigerats i den efterf\u00f6ljande versionen av Olm (v2.0.0 fr\u00e5n den 25 oktober 2016).<\/p>\n<p>En nyare, rostbaserad implementering av Olm- och Megolm-protokollen (kallad Vodozemac) utvecklas och underh\u00e5lls h\u00e4r:<\/p>\n<ul>\n<li><a href=\"https:\/\/github.com\/matrix-org\/vodozemac\">https:\/\/github.com\/matrix-org\/vodozemac<\/a><\/li>\n<\/ul>\n<p>Och en tredjepartsanalys och revision av implementeringen finns h\u00e4r:<\/p>\n<ul>\n<li><a href=\"https:\/\/leastauthority.com\/static\/publications\/LeastAuthority-Matrix_vodozemac_Final_Audit_Report.pdf\">https:\/\/leastauthority.com\/static\/publications\/LeastAuthority-Matrix_vodozemac_Final_Audit_Report.pdf<\/a><\/li>\n<\/ul>\n<p>F\u00f6r att utbyta meddelanden och f\u00f6rhandla om nycklar anv\u00e4nder Verji det \u00f6ppna, bepr\u00f6vade och v\u00e4ldokumenterade Matrix-protokollet <a href=\"https:\/\/en.wikipedia.org\/wiki\/Matrix_(protocol)\">https:\/\/en.wikipedia.org\/wiki\/Matrix_(protocol)<\/a><\/p>\n<p>En analys av nyckelutbytesprotokollet i Matrix finns h\u00e4r:<\/p>\n<ul>\n<li><a href=\"https:\/\/www.cs.ru.nl\/bachelors-theses\/2020\/Floris_Hendriks___4749294___Analysis_of_key_management_in_Matrix.pdf\">https:\/\/www.cs.ru.nl\/bachelors-theses\/2020\/Floris_Hendriks___4749294___Analysis_of_key_management_in_Matrix.pdf<\/a><\/li>\n<\/ul>\n<h2>Autentisering och auktorisering<\/h2>\n<h3>Autentisering<\/h3>\n<p>F\u00f6r att autentisera anv\u00e4ndare anv\u00e4nder Verji industristandarden OpenIdConnect-protokollet, som \u00e4r baserat p\u00e5 OAuth 2.0-ramverket. Implementeringen anv\u00e4nder det mogna och OpenId-certifierade Duende-ramverket, som ocks\u00e5 finns med i den officiella Microsoft Identity-dokumentationen:<\/p>\n<ul>\n<li><a href=\"https:\/\/duendesoftware.com\/\">https:\/\/duendesoftware.com\/<\/a><\/li>\n<li><a href=\"https:\/\/learn.microsoft.com\/en-us\/aspnet\/core\/security\/authentication\/identity?view=aspnetcore-8.0&amp;tabs=visual-studio\">https:\/\/learn.microsoft.com\/en-us\/aspnet\/core\/security\/authentication\/identity?view=aspnetcore-8.0&amp;tabs=visual-studio<\/a><\/li>\n<\/ul>\n<h3>Auktorisation<\/h3>\n<p>Finkornig \u00e5tkomstkontroll implementeras i Verji med hj\u00e4lp av det popul\u00e4ra Casbin-ramverket.<\/p>\n<ul>\n<li><a href=\"https:\/\/casbin.org\/\">https:\/\/casbin.org\/<\/a><\/li>\n<\/ul>\n<h2>Sammanfatta<\/h2>\n<p>F\u00f6r att sammanfatta: Verji anv\u00e4nder v\u00e4letablerade, bepr\u00f6vade, branschstandardiserade algoritmer, protokoll och ramverk f\u00f6r att s\u00e4kra anv\u00e4ndares meddelanden och konton.<\/p>\n<\/div><\/div><\/div><\/div><\/div><div class=\"vc_col-sm-5 wpb_column vc_column_container\"><div class=\"vc_column-inner\"><div class=\"wpb_wrapper\"><\/div><\/div><\/div><\/div><\/div><\/section>\n","protected":false},"excerpt":{"rendered":"Forside\/SidorForside\/Sidor\u00d6versikt \u00f6ver teknik och s\u00e4kerhet i VerjiGrundl\u00e4ggande I Verji skyddas all data med kryptering, b\u00e5de under flygning och vid vila. Dessutom skyddas meddelanden, filer och bilder som kommuniceras i Verji-rummen av ett extra lager av end-to-end-kryptering (E2EE). Anv\u00e4ndning av standarder Motst\u00e5ndare och angripare har tillg\u00e5ng till alltmer kraftfulla verktyg och metoder, s\u00e5 medan expertis och...","protected":false},"author":3,"featured_media":0,"parent":0,"menu_order":0,"comment_status":"closed","ping_status":"closed","template":"","meta":{"content-type":"","footnotes":""},"class_list":["post-10273","page","type-page","status-publish","hentry"],"yoast_head":"<!-- This site is optimized with the Yoast SEO plugin v25.6 - https:\/\/yoast.com\/wordpress\/plugins\/seo\/ -->\n<title>\u00d6versikt \u00f6ver teknik och s\u00e4kerhet i Verji<\/title>\n<meta name=\"description\" content=\"Verji anv\u00e4nder en v\u00e4l bepr\u00f6vad och allm\u00e4nt erk\u00e4nd krypteringsmetod. H\u00e4r kan du l\u00e4sa mer om de metoder som anv\u00e4nds.\" \/>\n<meta name=\"robots\" content=\"index, follow, max-snippet:-1, max-image-preview:large, max-video-preview:-1\" \/>\n<link rel=\"canonical\" href=\"https:\/\/verji.no\/sv\/teknisk-info\" \/>\n<meta property=\"og:locale\" content=\"sv_SE\" \/>\n<meta property=\"og:type\" content=\"article\" \/>\n<meta property=\"og:title\" content=\"\u00d6versikt \u00f6ver teknik och s\u00e4kerhet i Verji\" \/>\n<meta property=\"og:description\" content=\"Verji anv\u00e4nder en v\u00e4l bepr\u00f6vad och allm\u00e4nt erk\u00e4nd krypteringsmetod. H\u00e4r kan du l\u00e4sa mer om de metoder som anv\u00e4nds.\" \/>\n<meta property=\"og:url\" content=\"https:\/\/verji.no\/sv\/teknisk-info\" \/>\n<meta property=\"og:site_name\" content=\"Verji\" \/>\n<meta property=\"article:modified_time\" content=\"2024-06-20T16:34:02+00:00\" \/>\n<meta name=\"twitter:card\" content=\"summary_large_image\" \/>\n<meta name=\"twitter:label1\" content=\"Ber\u00e4knad l\u00e4stid\" \/>\n\t<meta name=\"twitter:data1\" content=\"2 minuter\" \/>\n<script type=\"application\/ld+json\" class=\"yoast-schema-graph\">{\"@context\":\"https:\/\/schema.org\",\"@graph\":[{\"@type\":\"WebPage\",\"@id\":\"https:\/\/verji.no\/sv\/teknisk-info\",\"url\":\"https:\/\/verji.no\/sv\/teknisk-info\",\"name\":\"\u00d6versikt \u00f6ver teknik och s\u00e4kerhet i Verji\",\"isPartOf\":{\"@id\":\"https:\/\/verji.no\/sv#website\"},\"datePublished\":\"2022-05-31T06:14:36+00:00\",\"dateModified\":\"2024-06-20T16:34:02+00:00\",\"description\":\"Verji anv\u00e4nder en v\u00e4l bepr\u00f6vad och allm\u00e4nt erk\u00e4nd krypteringsmetod. H\u00e4r kan du l\u00e4sa mer om de metoder som anv\u00e4nds.\",\"breadcrumb\":{\"@id\":\"https:\/\/verji.no\/sv\/teknisk-info#breadcrumb\"},\"inLanguage\":\"sv-SE\",\"potentialAction\":[{\"@type\":\"ReadAction\",\"target\":[\"https:\/\/verji.no\/sv\/teknisk-info\"]}]},{\"@type\":\"BreadcrumbList\",\"@id\":\"https:\/\/verji.no\/sv\/teknisk-info#breadcrumb\",\"itemListElement\":[{\"@type\":\"ListItem\",\"position\":1,\"name\":\"Hjem\",\"item\":\"https:\/\/verji.no\/sv\"},{\"@type\":\"ListItem\",\"position\":2,\"name\":\"\u00d6versikt \u00f6ver teknik och s\u00e4kerhet i Verji\"}]},{\"@type\":\"WebSite\",\"@id\":\"https:\/\/verji.no\/sv#website\",\"url\":\"https:\/\/verji.no\/sv\",\"name\":\"Verji\",\"description\":\"\",\"potentialAction\":[{\"@type\":\"SearchAction\",\"target\":{\"@type\":\"EntryPoint\",\"urlTemplate\":\"https:\/\/verji.no\/sv?s={search_term_string}\"},\"query-input\":{\"@type\":\"PropertyValueSpecification\",\"valueRequired\":true,\"valueName\":\"search_term_string\"}}],\"inLanguage\":\"sv-SE\"}]}<\/script>\n<!-- \/ Yoast SEO plugin. -->","yoast_head_json":{"title":"\u00d6versikt \u00f6ver teknik och s\u00e4kerhet i Verji","description":"Verji anv\u00e4nder en v\u00e4l bepr\u00f6vad och allm\u00e4nt erk\u00e4nd krypteringsmetod. H\u00e4r kan du l\u00e4sa mer om de metoder som anv\u00e4nds.","robots":{"index":"index","follow":"follow","max-snippet":"max-snippet:-1","max-image-preview":"max-image-preview:large","max-video-preview":"max-video-preview:-1"},"canonical":"https:\/\/verji.no\/sv\/teknisk-info","og_locale":"sv_SE","og_type":"article","og_title":"\u00d6versikt \u00f6ver teknik och s\u00e4kerhet i Verji","og_description":"Verji anv\u00e4nder en v\u00e4l bepr\u00f6vad och allm\u00e4nt erk\u00e4nd krypteringsmetod. H\u00e4r kan du l\u00e4sa mer om de metoder som anv\u00e4nds.","og_url":"https:\/\/verji.no\/sv\/teknisk-info","og_site_name":"Verji","article_modified_time":"2024-06-20T16:34:02+00:00","twitter_card":"summary_large_image","twitter_misc":{"Ber\u00e4knad l\u00e4stid":"2 minuter"},"schema":{"@context":"https:\/\/schema.org","@graph":[{"@type":"WebPage","@id":"https:\/\/verji.no\/sv\/teknisk-info","url":"https:\/\/verji.no\/sv\/teknisk-info","name":"\u00d6versikt \u00f6ver teknik och s\u00e4kerhet i Verji","isPartOf":{"@id":"https:\/\/verji.no\/sv#website"},"datePublished":"2022-05-31T06:14:36+00:00","dateModified":"2024-06-20T16:34:02+00:00","description":"Verji anv\u00e4nder en v\u00e4l bepr\u00f6vad och allm\u00e4nt erk\u00e4nd krypteringsmetod. H\u00e4r kan du l\u00e4sa mer om de metoder som anv\u00e4nds.","breadcrumb":{"@id":"https:\/\/verji.no\/sv\/teknisk-info#breadcrumb"},"inLanguage":"sv-SE","potentialAction":[{"@type":"ReadAction","target":["https:\/\/verji.no\/sv\/teknisk-info"]}]},{"@type":"BreadcrumbList","@id":"https:\/\/verji.no\/sv\/teknisk-info#breadcrumb","itemListElement":[{"@type":"ListItem","position":1,"name":"Hjem","item":"https:\/\/verji.no\/sv"},{"@type":"ListItem","position":2,"name":"\u00d6versikt \u00f6ver teknik och s\u00e4kerhet i Verji"}]},{"@type":"WebSite","@id":"https:\/\/verji.no\/sv#website","url":"https:\/\/verji.no\/sv","name":"Verji","description":"","potentialAction":[{"@type":"SearchAction","target":{"@type":"EntryPoint","urlTemplate":"https:\/\/verji.no\/sv?s={search_term_string}"},"query-input":{"@type":"PropertyValueSpecification","valueRequired":true,"valueName":"search_term_string"}}],"inLanguage":"sv-SE"}]}},"_links":{"self":[{"href":"https:\/\/verji.no\/sv\/wp-json\/wp\/v2\/pages\/10273","targetHints":{"allow":["GET"]}}],"collection":[{"href":"https:\/\/verji.no\/sv\/wp-json\/wp\/v2\/pages"}],"about":[{"href":"https:\/\/verji.no\/sv\/wp-json\/wp\/v2\/types\/page"}],"author":[{"embeddable":true,"href":"https:\/\/verji.no\/sv\/wp-json\/wp\/v2\/users\/3"}],"replies":[{"embeddable":true,"href":"https:\/\/verji.no\/sv\/wp-json\/wp\/v2\/comments?post=10273"}],"version-history":[{"count":14,"href":"https:\/\/verji.no\/sv\/wp-json\/wp\/v2\/pages\/10273\/revisions"}],"predecessor-version":[{"id":11129,"href":"https:\/\/verji.no\/sv\/wp-json\/wp\/v2\/pages\/10273\/revisions\/11129"}],"wp:attachment":[{"href":"https:\/\/verji.no\/sv\/wp-json\/wp\/v2\/media?parent=10273"}],"curies":[{"name":"wp","href":"https:\/\/api.w.org\/{rel}","templated":true}]}}